{"id":997,"date":"2022-03-20T02:49:18","date_gmt":"2022-03-20T01:49:18","guid":{"rendered":"https:\/\/vina-preiner.hr\/privacy-policy\/"},"modified":"2023-12-04T13:06:10","modified_gmt":"2023-12-04T12:06:10","slug":"privacy-policy","status":"publish","type":"page","link":"https:\/\/vina-preiner.hr\/en\/privacy-policy\/","title":{"rendered":"Privacy policy"},"content":{"rendered":"<p><span style=\"font-weight: 400;\">Vina Preiner (u daljnjem tekstu Vina Preiner) po\u0161tuje va\u0161u privatnost i temelji svoje internetske stranice na tehnologijama koje pru\u017eaju bolje i sigurnije mre\u017eno iskustvo. Ova Izjava o za\u0161titi privatnosti odnosi se na prikupljanje i obradu va\u0161ih osobnih podataka te primjenu kola\u010di\u0107a (cookies) na internetskim stranicama www.vina-preiner.hr (u nastavku: internetske stranice).<\/span><\/p>\n<p><span style=\"font-weight: 400;\">Kori\u0161tenjem ovim internetskim stranicama suglasni ste s na\u010dinom prikupljanja i obrade podataka opisanim u ovoj Izjavi te pohranom i pristupom kola\u010di\u0107ima na va\u0161em ure\u0111aju.<\/span><\/p>\n<h2><span style=\"font-weight: 400;\">Prikupljanje i obrada osobnih podataka<\/span><\/h2>\n<p><span style=\"font-weight: 400;\">Kako bi odr\u017eala funkcionalnost internetskih stranica i omogu\u0107ila usluge koje korisnici tra\u017ee, Vina Preiner na ovom web-mjestu mo\u017ee prikupljati i upotrebljavati osobne podatke korisnika. Putem internetskih stranica www.vina-preiner.hr mogu\u0107e je, ovisno o svrsi, prikupljanje va\u0161ih osobnih podataka kao \u0161to su: ime i prezime, adresa e-po\u0161te, telefonski broj\u2026<\/span><\/p>\n<p><span style=\"font-weight: 400;\">Upisom osobnih podataka u za to predvi\u0111ena polja dajete privolu da se navedeni podaci upotrebljavaju u svrhu za koju su dani.<\/span><\/p>\n<p><span style=\"font-weight: 400;\">Vina Preiner prikuplja podatke o va\u0161em ra\u010dunalu. Ovi podaci mogu uklju\u010divati tip preglednika, vrijeme pristupa i adrese web stranica.<\/span><\/p>\n<p><span style=\"font-weight: 400;\">Prikupljene podatke, kao i podatke koje je saznala na osnovi pru\u017eanja usluga klijentima i u obavljanju poslova s pojedina\u010dnim klijentom, Vina Preiner obra\u0111uje u svrhu u koju su isti dani, odnosno u svrhu kori\u0161tenja web stranica i pru\u017eanja \u017eeljenih usluga te kako bi vam pru\u017eila informacije o proizvodima ili uslugama koje mo\u017eete koristiti. Vina Preiner mo\u017ee koristiti navedene podatke kako bi vam pru\u017eila u\u010dinkovitiju korisni\u010dku uslugu, olak\u0161ala kori\u0161tenje web stranica uklanjanjem potrebe za u\u010destalim upisivanjem istih podataka ili za prilagodbu web stranica va\u0161im osobnim sklonostima i interesima.<\/span><\/p>\n<p><span style=\"font-weight: 400;\">Vina Preiner ne prodaje, ne iznajmljuje i ne posu\u0111uje popis korisnika svojih stranica tre\u0107im stranama. Uz obvezu zadr\u017eavanja povjerljivosti, Vina Preiner mo\u017ee dijeliti podatke s pouzdanim partnerima za odre\u0111ene svrhe: izradu statisti\u010dke analize, omogu\u0107ivanje korisni\u010dke potpore ili sli\u010dne potrebe. Svakoj takvoj tre\u0107oj strani zabranjena je daljnja obrada va\u0161ih osobnih podataka.<\/span><\/p>\n<p><span style=\"font-weight: 400;\">Ovime vas Vina Preiner ujedno informira da imate pravo na pristup svim danim osobnim podacima, kao i na njihov ispravak, pravo naknadno odustati od prethodno danih suglasnosti, djelomi\u010dno ili u cijelosti, kao i pravo usprotiviti se obradi osobnih podataka u svrhe pru\u017eanja informacija o proizvodima ili uslugama.<\/span><\/p>\n<h2><span style=\"font-weight: 400;\">Sigurnost va\u0161ih osobnih podataka<\/span><\/h2>\n<p><span style=\"font-weight: 400;\">Internetska stranica www.vina-preiner.hr \u0161titi va\u0161e osobne podatke od neovla\u0161tenog pristupa, upotrebe ili odavanja. Podaci na ra\u010dunalnim poslu\u017eiteljima pohranjuju se u kontroliranom, sigurnom okru\u017eenju, za\u0161ti\u0107enom od neovla\u0161tenog pristupa, upotrebe ili odavanja.<\/span><\/p>\n<h2><span style=\"font-weight: 400;\">Primjena kola\u010di\u0107a<\/span><\/h2>\n<p><span style=\"font-weight: 400;\">Na internetskim stranicama www.vina-preiner.hr primjenjuju se tzv. kola\u010di\u0107i (cookies) \u2013 tekstualne datoteke koje na ra\u010dunalo korisnika smje\u0161ta internetski poslu\u017eitelj kojim se korisnik koristi.<\/span><\/p>\n<p><span style=\"font-weight: 400;\">Datoteke nastaju kada preglednik na ure\u0111aju korisnika u\u010dita posje\u0107eno mre\u017eno odredi\u0161te, koje potom \u0161alje podatke pregledniku te izra\u0111uje tekstualnu datoteku (kola\u010di\u0107). Preglednik dohva\u0107a i \u0161alje datoteku na poslu\u017eitelj mre\u017enog odredi\u0161ta (mjesta, stranice) prilikom povratka korisnika na njega.<\/span><\/p>\n<p><span style=\"font-weight: 400;\">Kola\u010di\u0107i se upotrebljavaju za funkcioniranje svih zna\u010dajki internetskih stranica i bolje korisni\u010dko iskustvo, a mogu biti privremeni (pohranjuju se samo tijekom posjeta internetskim stranicama) ili trajni (na ra\u010dunalu korisnika ostaju pohranjeni i nakon posjeta).<\/span><\/p>\n<p><span style=\"font-weight: 400;\">Kola\u010di\u0107ima tre\u0107ih strana www.vina-preiner.hr koristi se za dobivanje statisti\u010dkih podataka o posje\u0107enosti i na\u010dinu upotrebe na\u0161ih internetskih stranica. Podaci koji se prikupljaju uklju\u010duju podatke o pregledniku, jeziku, operativnom sustavu i druge standardne podatke koji se prikupljaju i analiziraju isklju\u010divo u anonimnom i masovnom obliku.<\/span><\/p>\n<p><span style=\"font-weight: 400;\">Stranica www.vina-preiner.hr slu\u017ei se statistikom Google Analytics, a pravila o kola\u010di\u0107ima tre\u0107e strane potra\u017eite na Google Analytics. Podatke o tome kako se korisnici koriste na\u0161om internetskom stranicom povremeno mo\u017eemo prikupljati koriste\u0107i se i drugim alatima sli\u010dnima usluzi Google Analytics.<\/span><\/p>\n<h2><span style=\"font-weight: 400;\">Sprje\u010davanje kola\u010di\u0107a<\/span><\/h2>\n<p><span style=\"font-weight: 400;\">Ako niste suglasni s njihovom upotrebom, kola\u010di\u0107e mo\u017eete lako izbrisati (ili sprije\u010diti) na svojem ra\u010dunalu ili mobilnom ure\u0111aju s pomo\u0107u postavki preglednika kojim se koristite.<\/span><\/p>\n<p><span style=\"font-weight: 400;\">Vi\u0161e informacija o upravljanju kola\u010di\u0107ima potra\u017eite na stranicama preglednika kojim se koristite ili na <\/span><a href=\"http:\/\/www.allaboutcookies.org\/\"><span style=\"font-weight: 400;\">www.allaboutcookies.org<\/span><\/a><span style=\"font-weight: 400;\">.<\/span><\/p>\n<p><span style=\"font-weight: 400;\">Budu\u0107i da je svrha kola\u010di\u0107a pobolj\u0161anje i omogu\u0107ivanje upotrebe na\u0161ih internetskih stranica i njihovih procesa, imajte na umu da sprje\u010davanjem ili brisanjem kola\u010di\u0107a mo\u017eete onemogu\u0107iti funkcioniranje tih zna\u010dajki ili prouzro\u010diti njihov druga\u010diji rad i izgled u va\u0161em pregledniku.<\/span><\/p>\n<h2><span style=\"font-weight: 400;\">Analiza internetske stranice<\/span><\/h2>\n<p><span style=\"font-weight: 400;\">Na na\u0161oj internetskoj stranici koristimo Google Analytics, uslugu Web analize tvrtke Google Inc., 1600 Amphitheatre Parkway, Mountain View, CA 94043, Sjedinjene Ameri\u010dke Dr\u017eave (\u201cGoogle\u201d).<\/span><\/p>\n<p><span style=\"font-weight: 400;\">Google u na\u0161e ime analizira Va\u0161e kori\u0161tenje na\u0161e internetske stranice. U tu svrhu koristimo kola\u010di\u0107e koji su detaljnije opisani u gornjoj <\/span><a href=\"https:\/\/www.bayer.hr\/hr\/izjava-privatnosti.php#table\"><span style=\"font-weight: 400;\">tablici<\/span><\/a><span style=\"font-weight: 400;\">. Informacije koje Google prikupi vezane uz Va\u0161e kori\u0161tenje na\u0161e internetske stranice (npr. polazni URL, na\u0161e stranice koje ste posjetili, preglednik koji ste koristili, Va\u0161e postavke jezika, Va\u0161 operacijski sustav, razlu\u010divost Va\u0161eg prikaza) prenose se na Googleov poslu\u017eitelj u SAD-u, gdje se pohranjuju i analiziraju. Nama se stavlja na raspolaganje rezultat u anonimnom obliku. Podaci o Va\u0161em kori\u0161tenju pritom nisu povezani s Va\u0161om punom IP adresom. Na na\u0161oj smo internet stranici aktivirali od Googlea ponu\u0111enu funkciju IP anonimizacije, tako da se zadnjih 8 brojaka (tip Ipv4) odnosno zadnjih 80 brojaka (tip Ipv6) Va\u0161e IP adrese bri\u0161e. Nadalje, Google je <\/span><a href=\"https:\/\/www.privacyshield.gov\/participant?id=a2zt000000001L5AAI\"><span style=\"font-weight: 400;\">certificiran pod EU-SAD \u0160titom privatnosti<\/span><\/a><span style=\"font-weight: 400;\">, koji osigurava da se na obradu podataka od strane Googlea u Americi primjenjuje odgovaraju\u0107a razina za\u0161tite podataka.<\/span><\/p>\n<p><span style=\"font-weight: 400;\">Va\u0161u privolu za Web analizu mo\u017eete povu\u0107i u bilo kojem trenutku, tako \u0161to \u0107ete preuzeti i instalirati dostupni <\/span><a href=\"https:\/\/tools.google.com\/dlpage\/gaoptout?hl=en-GB\"><span style=\"font-weight: 400;\">Googleov dodatak za preglednik<\/span><\/a><span style=\"font-weight: 400;\">.<\/span><\/p>\n<p><span style=\"font-weight: 400;\">Vi\u0161e informacija o Google Analyticsu dostupno je u <\/span><a href=\"https:\/\/www.google.com\/analytics\/terms\/us.html\"><span style=\"font-weight: 400;\">\u00a0Uvjetima kori\u0161tenja Google Analyticsa<\/span><\/a><span style=\"font-weight: 400;\">, u <\/span><a href=\"https:\/\/support.google.com\/analytics\/answer\/6004245?hl=en-GB\"><span style=\"font-weight: 400;\">\u00a0Smjernicama za za\u0161titu privatnosti podataka Google Analyticsa<\/span><\/a><span style=\"font-weight: 400;\"> i u <\/span><a href=\"http:\/\/www.google.com\/intl\/en\/policies\/privacy\"><span style=\"font-weight: 400;\">Googleovoj Izjavi o privatnosti<\/span><\/a><span style=\"font-weight: 400;\">.<\/span><\/p>\n<h2><span style=\"font-weight: 400;\">Pohrana i rok \u010duvanja podataka<\/span><\/h2>\n<p><span style=\"font-weight: 400;\">Svi podaci su pohranjeni u bazama podataka i repozitorijima Totohost servera u Berlinu, Njema\u010dka. Pohranjene podatke ne\u0107emo prenijeti ili pohraniti u dr\u017eave izvan Europske Unije.<\/span><\/p>\n<p><span style=\"font-weight: 400;\">Va\u0161e osobne podatke \u010duvamo i \u0161titimo za vrijeme trajanja Va\u0161eg poslovnog odnosa s nama. Osobne podatke koje ste nam dali u poslovne ili kontaktne svrhe redovito bri\u0161emo nakon 12 mjeseci od dana kad ste nam dali te podatke.<\/span><\/p>\n<h2><span style=\"font-weight: 400;\">Va\u0161a privola<\/span><\/h2>\n<p><span style=\"font-weight: 400;\">Kori\u0161tenjem ove web stranice dajete privolu na ovu politiku privatnosti.<\/span><\/p>\n<h2><span style=\"font-weight: 400;\">Promjene na\u0161e politike privatnosti<\/span><\/h2>\n<p><span style=\"font-weight: 400;\">U slu\u010daju promjena na\u0161e politike privatnosti obavijestit \u0107emo Vas o tome na ovoj stranici i a\u017eurirati datum izmjene politike privatnosti dolje kako slijedi.<\/span><\/p>\n<p><span style=\"font-weight: 400;\">Ova politika privatnosti je zadnji put izmijenjena 22. svibnja 2018. godine.<\/span><\/p>\n<h2><span style=\"font-weight: 400;\">Informacije za kontakt<\/span><\/h2>\n<p><span style=\"font-weight: 400;\">Vina Preiner rado \u0107e primiti va\u0161e komentare i sugestije u vezi s ovom Izjavom, kao i ostale primjedbe. Mo\u017eete nam se obratiti na: info&#64;vina-pr&#101;&#105;&#110;&#101;&#114;&#46;&#104;&#114;.<\/span><\/p>\n<h2><\/h2>\n","protected":false},"excerpt":{"rendered":"<p>Vina Preiner (u daljnjem tekstu Vina Preiner) po\u0161tuje va\u0161u privatnost i temelji svoje internetske stranice na tehnologijama koje pru\u017eaju bolje i sigurnije mre\u017eno iskustvo. Ova Izjava o za\u0161titi privatnosti odnosi se na prikupljanje i obradu va\u0161ih osobnih podataka te primjenu kola\u010di\u0107a (cookies) na internetskim stranicama www.vina-preiner.hr (u nastavku: internetske stranice). Kori\u0161tenjem ovim internetskim stranicama suglasni [&hellip;]<\/p>\n","protected":false},"author":2,"featured_media":0,"parent":0,"menu_order":13,"comment_status":"closed","ping_status":"open","template":"","meta":{"_acf_changed":false,"footnotes":""},"class_list":["post-997","page","type-page","status-publish","hentry"],"acf":[],"yoast_head":"<!-- This site is optimized with the Yoast SEO plugin v27.4 - https:\/\/yoast.com\/product\/yoast-seo-wordpress\/ -->\n<title>Privacy policy - The Preiner wines<\/title>\n<meta name=\"robots\" content=\"index, follow, max-snippet:-1, max-image-preview:large, max-video-preview:-1\" \/>\n<link rel=\"canonical\" href=\"https:\/\/vina-preiner.hr\/en\/privacy-policy\/\" \/>\n<meta property=\"og:locale\" content=\"en_US\" \/>\n<meta property=\"og:type\" content=\"article\" \/>\n<meta property=\"og:title\" content=\"Privacy policy - The Preiner wines\" \/>\n<meta property=\"og:description\" content=\"Vina Preiner (u daljnjem tekstu Vina Preiner) po\u0161tuje va\u0161u privatnost i temelji svoje internetske stranice na tehnologijama koje pru\u017eaju bolje i sigurnije mre\u017eno iskustvo. Ova Izjava o za\u0161titi privatnosti odnosi se na prikupljanje i obradu va\u0161ih osobnih podataka te primjenu kola\u010di\u0107a (cookies) na internetskim stranicama www.vina-preiner.hr (u nastavku: internetske stranice). Kori\u0161tenjem ovim internetskim stranicama suglasni [&hellip;]\" \/>\n<meta property=\"og:url\" content=\"https:\/\/vina-preiner.hr\/en\/privacy-policy\/\" \/>\n<meta property=\"og:site_name\" content=\"The Preiner wines\" \/>\n<meta property=\"article:modified_time\" content=\"2023-12-04T12:06:10+00:00\" \/>\n<meta property=\"og:image\" content=\"https:\/\/vina-preiner.hr\/wp-content\/uploads\/2021\/09\/Preiner-wines-Po\u010detna-01.jpg\" \/>\n\t<meta property=\"og:image:width\" content=\"2000\" \/>\n\t<meta property=\"og:image:height\" content=\"825\" \/>\n\t<meta property=\"og:image:type\" content=\"image\/jpeg\" \/>\n<meta name=\"twitter:card\" content=\"summary_large_image\" \/>\n<meta name=\"twitter:label1\" content=\"Est. reading time\" \/>\n\t<meta name=\"twitter:data1\" content=\"6 minutes\" \/>\n<script type=\"application\/ld+json\" class=\"yoast-schema-graph\">{\"@context\":\"https:\\\/\\\/schema.org\",\"@graph\":[{\"@type\":\"WebPage\",\"@id\":\"https:\\\/\\\/vina-preiner.hr\\\/en\\\/privacy-policy\\\/\",\"url\":\"https:\\\/\\\/vina-preiner.hr\\\/en\\\/privacy-policy\\\/\",\"name\":\"Privacy policy - The Preiner wines\",\"isPartOf\":{\"@id\":\"https:\\\/\\\/vina-preiner.hr\\\/en\\\/#website\"},\"datePublished\":\"2022-03-20T01:49:18+00:00\",\"dateModified\":\"2023-12-04T12:06:10+00:00\",\"breadcrumb\":{\"@id\":\"https:\\\/\\\/vina-preiner.hr\\\/en\\\/privacy-policy\\\/#breadcrumb\"},\"inLanguage\":\"en-US\",\"potentialAction\":[{\"@type\":\"ReadAction\",\"target\":[\"https:\\\/\\\/vina-preiner.hr\\\/en\\\/privacy-policy\\\/\"]}]},{\"@type\":\"BreadcrumbList\",\"@id\":\"https:\\\/\\\/vina-preiner.hr\\\/en\\\/privacy-policy\\\/#breadcrumb\",\"itemListElement\":[{\"@type\":\"ListItem\",\"position\":1,\"name\":\"Po\u010detna stranica\",\"item\":\"https:\\\/\\\/vina-preiner.hr\\\/en\\\/\"},{\"@type\":\"ListItem\",\"position\":2,\"name\":\"Privacy policy\"}]},{\"@type\":\"WebSite\",\"@id\":\"https:\\\/\\\/vina-preiner.hr\\\/en\\\/#website\",\"url\":\"https:\\\/\\\/vina-preiner.hr\\\/en\\\/\",\"name\":\"The Preiner wines\",\"description\":\"\",\"potentialAction\":[{\"@type\":\"SearchAction\",\"target\":{\"@type\":\"EntryPoint\",\"urlTemplate\":\"https:\\\/\\\/vina-preiner.hr\\\/en\\\/?s={search_term_string}\"},\"query-input\":{\"@type\":\"PropertyValueSpecification\",\"valueRequired\":true,\"valueName\":\"search_term_string\"}}],\"inLanguage\":\"en-US\"}]}<\/script>\n<!-- \/ Yoast SEO plugin. -->","yoast_head_json":{"title":"Privacy policy - The Preiner wines","robots":{"index":"index","follow":"follow","max-snippet":"max-snippet:-1","max-image-preview":"max-image-preview:large","max-video-preview":"max-video-preview:-1"},"canonical":"https:\/\/vina-preiner.hr\/en\/privacy-policy\/","og_locale":"en_US","og_type":"article","og_title":"Privacy policy - The Preiner wines","og_description":"Vina Preiner (u daljnjem tekstu Vina Preiner) po\u0161tuje va\u0161u privatnost i temelji svoje internetske stranice na tehnologijama koje pru\u017eaju bolje i sigurnije mre\u017eno iskustvo. Ova Izjava o za\u0161titi privatnosti odnosi se na prikupljanje i obradu va\u0161ih osobnih podataka te primjenu kola\u010di\u0107a (cookies) na internetskim stranicama www.vina-preiner.hr (u nastavku: internetske stranice). Kori\u0161tenjem ovim internetskim stranicama suglasni [&hellip;]","og_url":"https:\/\/vina-preiner.hr\/en\/privacy-policy\/","og_site_name":"The Preiner wines","article_modified_time":"2023-12-04T12:06:10+00:00","og_image":[{"width":2000,"height":825,"url":"https:\/\/vina-preiner.hr\/wp-content\/uploads\/2021\/09\/Preiner-wines-Po\u010detna-01.jpg","type":"image\/jpeg"}],"twitter_card":"summary_large_image","twitter_misc":{"Est. reading time":"6 minutes"},"schema":{"@context":"https:\/\/schema.org","@graph":[{"@type":"WebPage","@id":"https:\/\/vina-preiner.hr\/en\/privacy-policy\/","url":"https:\/\/vina-preiner.hr\/en\/privacy-policy\/","name":"Privacy policy - The Preiner wines","isPartOf":{"@id":"https:\/\/vina-preiner.hr\/en\/#website"},"datePublished":"2022-03-20T01:49:18+00:00","dateModified":"2023-12-04T12:06:10+00:00","breadcrumb":{"@id":"https:\/\/vina-preiner.hr\/en\/privacy-policy\/#breadcrumb"},"inLanguage":"en-US","potentialAction":[{"@type":"ReadAction","target":["https:\/\/vina-preiner.hr\/en\/privacy-policy\/"]}]},{"@type":"BreadcrumbList","@id":"https:\/\/vina-preiner.hr\/en\/privacy-policy\/#breadcrumb","itemListElement":[{"@type":"ListItem","position":1,"name":"Po\u010detna stranica","item":"https:\/\/vina-preiner.hr\/en\/"},{"@type":"ListItem","position":2,"name":"Privacy policy"}]},{"@type":"WebSite","@id":"https:\/\/vina-preiner.hr\/en\/#website","url":"https:\/\/vina-preiner.hr\/en\/","name":"The Preiner wines","description":"","potentialAction":[{"@type":"SearchAction","target":{"@type":"EntryPoint","urlTemplate":"https:\/\/vina-preiner.hr\/en\/?s={search_term_string}"},"query-input":{"@type":"PropertyValueSpecification","valueRequired":true,"valueName":"search_term_string"}}],"inLanguage":"en-US"}]}},"_links":{"self":[{"href":"https:\/\/vina-preiner.hr\/en\/wp-json\/wp\/v2\/pages\/997","targetHints":{"allow":["GET"]}}],"collection":[{"href":"https:\/\/vina-preiner.hr\/en\/wp-json\/wp\/v2\/pages"}],"about":[{"href":"https:\/\/vina-preiner.hr\/en\/wp-json\/wp\/v2\/types\/page"}],"author":[{"embeddable":true,"href":"https:\/\/vina-preiner.hr\/en\/wp-json\/wp\/v2\/users\/2"}],"replies":[{"embeddable":true,"href":"https:\/\/vina-preiner.hr\/en\/wp-json\/wp\/v2\/comments?post=997"}],"version-history":[{"count":0,"href":"https:\/\/vina-preiner.hr\/en\/wp-json\/wp\/v2\/pages\/997\/revisions"}],"wp:attachment":[{"href":"https:\/\/vina-preiner.hr\/en\/wp-json\/wp\/v2\/media?parent=997"}],"curies":[{"name":"wp","href":"https:\/\/api.w.org\/{rel}","templated":true}]}}